{"id":674,"date":"2020-04-09T08:15:14","date_gmt":"2020-04-09T08:15:14","guid":{"rendered":"https:\/\/www.alexanderhoeve.nl\/?page_id=674"},"modified":"2020-04-10T09:51:40","modified_gmt":"2020-04-10T09:51:40","slug":"datenschutzerklaerung-de-alexanderhoeve","status":"publish","type":"page","link":"https:\/\/www.alexanderhoeve.nl\/de\/datenschutzerklaerung-de-alexanderhoeve\/","title":{"rendered":"Datenschutzerkl\u00e4rung De Alexanderhoeve"},"content":{"rendered":"\n<p>Datenschutz ist uns sehr wichtig. Indem Sie bei uns buchen, schenken Sie uns Vertrauen und das sch\u00e4tzen wir. Wir \u00fcbernehmen gem\u00e4\u00df unserer Datenschutzerkl\u00e4rung die Verantwortung f\u00fcr die Verarbeitung Ihrer pers\u00f6nlichen Daten.<\/p>\n\n\n\n<p> <strong>Unsere Kontaktdaten sind: <\/strong><br> De Alexanderhoeve <br> de Grie 5<br> 1797 RB Den Hoorn \u2013  Texel (Die Niederlande)<br> Website: www.alexanderhoeve.nl<br> E-Mail: <span \n                data-original-string='F1KH5s01efW2RERvU0BzrA==17d7XCsjZRzY8f5C1LS9eIQjP4e5JLTjcuJ3IJHaxMyoRA='\n                class='apbct-email-encoder'\n                title='Dieser Kontakt wurde von Anti-SPAM by Webjongens verschl\u00fcsselt. Klicken Sie hier, um ihn zu entschl\u00fcsseln. Um die Entschl\u00fcsselung abzuschlie\u00dfen, stellen Sie sicher, dass JavaScript in Ihrem Browser aktiviert ist.'>in<span class=\"apbct-blur\">**<\/span>@<span class=\"apbct-blur\">************<\/span>ve.nl<\/span> <br> Telefon: +31 (0)6 40854333.<\/p>\n\n\n\n<p>Wir verarbeiten die folgenden personenbezogenen Daten:<\/p>\n\n\n\n<ul class=\"wp-block-list\"><li> Vor- und Nachname<\/li><li>Adressdaten<\/li><li>Telefonnummer<\/li><li>E-Mail-Adresse<\/li><\/ul>\n\n\n\n<p>Diese\nDaten werden ausschlie\u00dflich zum Zwecke der Buchung unserer Ferienwohnungen und\nzur Beantwortung und Best\u00e4tigung Ihrer Fragen bez\u00fcglich Verf\u00fcgbarkeit und\nReservierungen verwendet.<\/p>\n\n\n\n<p>Wir\nerhalten Ihre personenbezogenen Daten direkt von Ihnen oder \u00fcber\nBuchungswebsites, die wir benutzen. Diese Websites leiten Ihre Daten weiter,\ndie Sie selber angegeben haben, n\u00e4mlich Name, Adresse, Wohnort, E-Mail,\nTelefonnummer und Fragen zur Verf\u00fcgbarkeit.<\/p>\n\n\n\n<p>Wir\nbewahren Ihre Daten nicht l\u00e4nger als absolut notwendig. Wenn Sie eine L\u00f6schung\nIhrer Daten w\u00fcnschen, dann k\u00f6nnen Sie das nach der Mietperiode bei uns melden.\nIhre Kontodaten ben\u00f6tigen wir zur R\u00fcckbuchung der Kaution, die Sie bei uns\nhinterlegt haben. Sie haben jederzeit Recht auf Einsicht, Berichtigung und\nL\u00f6schung Ihrer personenbezogenen Daten.<br>\nWir geben Ihre Daten nicht an\nDritte weiter.<\/p>\n\n\n\n<p>Unsere\nWebsite hat nicht die Absicht, Daten von Websitebesuchern zu erheben, die\nj\u00fcnger als 16&nbsp;Jahre alt sind. Jugendliche k\u00f6nnen nur in Begleitung von\nErwachsenen buchen.<\/p>\n\n\n\n<p>Der Computer von De Alexanderhoeve ist mit zweckdienlichen technischen Ma\u00dfnahmen gesch\u00fctzt. Au\u00dferdem ist unsere Website mit einem SSL-Zertifikat versehen. Eine SSL-Verbindung erkennt man an dem kleinen Schloss und dem Wort &#8222;Secure&#8220;&nbsp;in der URL.<\/p>\n\n\n\n<p>Technische\nund funktionelle Cookies sorgen daf\u00fcr, dass die Website von De Alexanderhoeve\nordnungsgem\u00e4\u00df und benutzerfreundlich funktioniert. Zus\u00e4tzlich sammelt Google\nAnalytics allgemeine Nutzerdaten, wie zum Beispiel die IP-Adresse.<\/p>\n\n\n\n<p>Herzlichen\nDank f\u00fcr Ihr Vertrauen,<br>\nJan Bakker und Wilma Pieters<\/p>\n","protected":false},"excerpt":{"rendered":"<p>Datenschutz ist uns sehr wichtig. Indem Sie bei uns buchen, schenken Sie uns Vertrauen und das sch\u00e4tzen wir. Wir \u00fcbernehmen gem\u00e4\u00df unserer Datenschutzerkl\u00e4rung die Verantwortung f\u00fcr die Verarbeitung Ihrer pers\u00f6nlichen Daten. Unsere Kontaktdaten sind: De Alexanderhoeve de Grie 5 1797 RB Den Hoorn \u2013 Texel (Die Niederlande) Website: www.alexanderhoeve.nl E-Mail: in**@************ve.nl Telefon: +31 (0)6 40854333. [&hellip;]<\/p>\n","protected":false},"author":4,"featured_media":0,"parent":0,"menu_order":0,"comment_status":"closed","ping_status":"closed","template":"","meta":{"_seopress_robots_primary_cat":"","_seopress_titles_title":"","_seopress_titles_desc":"Datenschutzerkl\u00e4rung De Alexanderhoeve Texel","_seopress_robots_index":"","_genesis_hide_title":false,"_genesis_hide_breadcrumbs":false,"_genesis_hide_singular_image":false,"_genesis_hide_footer_widgets":false,"_genesis_custom_body_class":"","_genesis_custom_post_class":"","_genesis_layout":"","footnotes":""},"class_list":{"0":"post-674","1":"page","2":"type-page","3":"status-publish","5":"entry"},"featured_image_src":null,"featured_image_src_square":null,"_links":{"self":[{"href":"https:\/\/www.alexanderhoeve.nl\/de\/wp-json\/wp\/v2\/pages\/674","targetHints":{"allow":["GET"]}}],"collection":[{"href":"https:\/\/www.alexanderhoeve.nl\/de\/wp-json\/wp\/v2\/pages"}],"about":[{"href":"https:\/\/www.alexanderhoeve.nl\/de\/wp-json\/wp\/v2\/types\/page"}],"author":[{"embeddable":true,"href":"https:\/\/www.alexanderhoeve.nl\/de\/wp-json\/wp\/v2\/users\/4"}],"replies":[{"embeddable":true,"href":"https:\/\/www.alexanderhoeve.nl\/de\/wp-json\/wp\/v2\/comments?post=674"}],"version-history":[{"count":0,"href":"https:\/\/www.alexanderhoeve.nl\/de\/wp-json\/wp\/v2\/pages\/674\/revisions"}],"wp:attachment":[{"href":"https:\/\/www.alexanderhoeve.nl\/de\/wp-json\/wp\/v2\/media?parent=674"}],"curies":[{"name":"wp","href":"https:\/\/api.w.org\/{rel}","templated":true}]}}