{"id":746,"date":"2020-04-09T11:35:22","date_gmt":"2020-04-09T11:35:22","guid":{"rendered":"https:\/\/www.alexanderhoeve.nl\/?page_id=746"},"modified":"2020-12-01T13:03:34","modified_gmt":"2020-12-01T13:03:34","slug":"wir-de-grie","status":"publish","type":"page","link":"https:\/\/www.alexanderhoeve.nl\/de\/wir-de-grie\/","title":{"rendered":"Wir &#038; De Grie"},"content":{"rendered":"\n<div class=\"wp-block-image\"><figure class=\"aligncenter size-full\"><img loading=\"lazy\" decoding=\"async\" width=\"1600\" height=\"900\" src=\"https:\/\/www.alexanderhoeve.nl\/wp-content\/uploads\/2020\/01\/Alexanderhoeve-1.jpg\" alt=\"Alexanderhoeve\" class=\"wp-image-128\" srcset=\"https:\/\/www.alexanderhoeve.nl\/wp-content\/uploads\/2020\/01\/Alexanderhoeve-1.jpg 1600w, https:\/\/www.alexanderhoeve.nl\/wp-content\/uploads\/2020\/01\/Alexanderhoeve-1-300x169.jpg 300w, https:\/\/www.alexanderhoeve.nl\/wp-content\/uploads\/2020\/01\/Alexanderhoeve-1-1024x576.jpg 1024w, https:\/\/www.alexanderhoeve.nl\/wp-content\/uploads\/2020\/01\/Alexanderhoeve-1-768x432.jpg 768w, https:\/\/www.alexanderhoeve.nl\/wp-content\/uploads\/2020\/01\/Alexanderhoeve-1-1536x864.jpg 1536w, https:\/\/www.alexanderhoeve.nl\/wp-content\/uploads\/2020\/01\/Alexanderhoeve-1-600x338.jpg 600w\" sizes=\"auto, (max-width: 1600px) 100vw, 1600px\" \/><\/figure><\/div>\n\n\n\n<p class=\"has-drop-cap\">Jan Bakker (Bauer aus Familientradition) und Wilma Pieters (Designerin und Coach mit Herz und Seele) sind die Eigent\u00fcmer von De Alexanderhoeve. Der Bauernhof ist bereits seit 1919 im Besitz von Jans Familie. Der Hof war 1848 der erste Bauernhof im Prins Hendrikpolder auf Texel. Bis 2011 wurde hier gemischte Landwirtschaft betrieben, danach war es Zeit f\u00fcr eine Kurs\u00e4nderung. Heute konzentriert sich alles auf biologischen Gartenbau.<\/p>\n\n\n\n<h2 class=\"wp-block-heading\"><strong>Wilma<\/strong><\/h2>\n\n\n\n<div class=\"wp-block-genesis-blocks-gb-columns gb-layout-columns-2 gb-2-col-equal\"><div class=\"gb-layout-column-wrap gb-block-layout-column-gap-2 gb-is-responsive-column\">\n<div class=\"wp-block-genesis-blocks-gb-column gb-block-layout-column\"><div class=\"gb-block-layout-column-inner\">\n<figure class=\"wp-block-image size-large\"><img loading=\"lazy\" decoding=\"async\" width=\"836\" height=\"1024\" src=\"https:\/\/www.alexanderhoeve.nl\/wp-content\/uploads\/2020\/04\/WilmaPieters.jpg\" alt=\"Wilma Pieters\" class=\"wp-image-556\" srcset=\"https:\/\/www.alexanderhoeve.nl\/wp-content\/uploads\/2020\/04\/WilmaPieters.jpg 836w, https:\/\/www.alexanderhoeve.nl\/wp-content\/uploads\/2020\/04\/WilmaPieters-245x300.jpg 245w, https:\/\/www.alexanderhoeve.nl\/wp-content\/uploads\/2020\/04\/WilmaPieters-768x941.jpg 768w\" sizes=\"auto, (max-width: 836px) 100vw, 836px\" \/><\/figure>\n<\/div><\/div>\n\n\n\n<div class=\"wp-block-genesis-blocks-gb-column gb-block-layout-column\"><div class=\"gb-block-layout-column-inner\">\n<p> \u201eIn unserem Bauernhof habe ich ein Atelier mit dem Namen   <a rel=\"noreferrer noopener\" href=\"https:\/\/wilt.nu\/\" target=\"_blank\">Wilt<\/a>.  in dem ich Ledertaschen, Armb\u00e4nder, Sch\u00fcrzen und andere Artikel aus Leder entwerfe und herstelle. Diese einzigartigen Designs sind hier erh\u00e4ltlich. Sie k\u00f6nnen mit unserer Hilfe aber auch selber etwas schaffen!\u201c <\/p>\n<\/div><\/div>\n<\/div><\/div>\n\n\n\n<h2 class=\"wp-block-heading\"><strong>Jan<\/strong><\/h2>\n\n\n\n<div class=\"wp-block-genesis-blocks-gb-columns gb-layout-columns-2 gb-2-col-equal\"><div class=\"gb-layout-column-wrap gb-block-layout-column-gap-2 gb-is-responsive-column\">\n<div class=\"wp-block-genesis-blocks-gb-column gb-block-layout-column\"><div class=\"gb-block-layout-column-inner\">\n<figure class=\"wp-block-image size-large\"><img loading=\"lazy\" decoding=\"async\" width=\"1024\" height=\"768\" src=\"https:\/\/www.alexanderhoeve.nl\/wp-content\/uploads\/2020\/04\/JanBakker-WilmaPieters.jpg\" alt=\"Jan Bakker en Wilma Pieters\" class=\"wp-image-553\" srcset=\"https:\/\/www.alexanderhoeve.nl\/wp-content\/uploads\/2020\/04\/JanBakker-WilmaPieters.jpg 1024w, https:\/\/www.alexanderhoeve.nl\/wp-content\/uploads\/2020\/04\/JanBakker-WilmaPieters-300x225.jpg 300w, https:\/\/www.alexanderhoeve.nl\/wp-content\/uploads\/2020\/04\/JanBakker-WilmaPieters-768x576.jpg 768w\" sizes=\"auto, (max-width: 1024px) 100vw, 1024px\" \/><\/figure>\n<\/div><\/div>\n\n\n\n<div class=\"wp-block-genesis-blocks-gb-column gb-block-layout-column\"><div class=\"gb-block-layout-column-inner\">\n<p> \u201eWir bem\u00fchen uns um eine nachhaltige Beziehung mit der Natur, die uns umgibt. Deshalb haben wir eine Solaranlage und bauen wir biologisches Gem\u00fcse und bestimmte Kartoffelsorten an. Ich erz\u00e4hle unseren interessierten G\u00e4sten gerne mehr hierzu.\u201c  <\/p>\n<\/div><\/div>\n<\/div><\/div>\n\n\n\n<h2 class=\"wp-block-heading\">Unser Platz im Polder De Grie<\/h2>\n\n\n\n<p>Jan ist auf De Alexanderhoeve im Polder De Grie geboren und aufgewachsen \u2013 ein Ort mit einer reichen Geschichte.  <\/p>\n\n\n\n<p> \u201eDas Dorf Den Hoorn lag nicht immer da, wo es heute liegt. Fr\u00fcher lag das damalige Dorf Den Horn an der s\u00fcdlichen Spitze von Texel. Durch die starke Meeresstr\u00f6mung entstanden f\u00fcnf Strandw\u00e4lle. Das flache Gew\u00e4sser dahinter diente als kleiner Hafen. Schon bald schlossen sich diese zu Salzlagunen, womit das Land eingedeicht wurde. Die Spuren von verschiedenen Deichbr\u00fcchen sind noch immer in der Landschaft zu sehen.\u201c  <\/p>\n\n\n\n<p>In den vergangenen Jahren hat der texelsche agrarische <a href=\"https:\/\/www.delieuw.nl\/\" target=\"_blank\" rel=\"noreferrer noopener\" aria-label=\" (opent in een nieuwe tab)\">Natur- und Landschaftverein De Lieuw<\/a> das Gebiet um das ehemalige Dorf Oude Horn wieder aufleben lassen. Die Konturen des ehemaligen Dorfs Den Horn, die Verbindung zum Polder Buitendijk und der Kolk Rommelweel wurden wieder hervorgehoben. Um 1625 befand sich am Deich zwischen De Alexanderhoeve und Den Hoorn ein Siel. Bei Niedrigwasser konnte die Schleuse ge\u00f6ffnet werden, um \u00fcbersch\u00fcssiges Wasser ins Wattenmeer zu schleusen. Au\u00dferdem diente der Siel als kleiner Hafen.<br> Auch diese Schleuse wurde rekonstruiert. <\/p>\n\n\n\n<p>Sie ist n\u00e4mlich nicht nur von historischer\nBedeutung, sondern hat f\u00fcr den heutigen Polder De Grie auch einen agrarischen\nWert. \u00dcber diese Schleuse kann S\u00fc\u00dfwasser aus den D\u00fcnen in das Polderland\ngelangen, was die Versalzung des Landes verringert.<\/p>\n\n\n\n<p><\/p>\n","protected":false},"excerpt":{"rendered":"<p>Jan Bakker (Bauer aus Familientradition) und Wilma Pieters (Designerin und Coach mit Herz und Seele) sind die Eigent\u00fcmer von De Alexanderhoeve. Der Bauernhof ist bereits seit 1919 im Besitz von Jans Familie. Der Hof war 1848 der erste Bauernhof im Prins Hendrikpolder auf Texel. Bis 2011 wurde hier gemischte Landwirtschaft betrieben, danach war es Zeit [&hellip;]<\/p>\n","protected":false},"author":4,"featured_media":0,"parent":0,"menu_order":0,"comment_status":"closed","ping_status":"closed","template":"","meta":{"_seopress_robots_primary_cat":"","_seopress_titles_title":"","_seopress_titles_desc":"Alles \u00fcber Jans Kartoffeln, Wilmas Lederatelier Wilt und wie in De Grie alles miteinander verbunden ist","_seopress_robots_index":"","_genesis_hide_title":false,"_genesis_hide_breadcrumbs":false,"_genesis_hide_singular_image":false,"_genesis_hide_footer_widgets":false,"_genesis_custom_body_class":"","_genesis_custom_post_class":"","_genesis_layout":"","footnotes":""},"class_list":{"0":"post-746","1":"page","2":"type-page","3":"status-publish","5":"entry"},"featured_image_src":null,"featured_image_src_square":null,"_links":{"self":[{"href":"https:\/\/www.alexanderhoeve.nl\/de\/wp-json\/wp\/v2\/pages\/746","targetHints":{"allow":["GET"]}}],"collection":[{"href":"https:\/\/www.alexanderhoeve.nl\/de\/wp-json\/wp\/v2\/pages"}],"about":[{"href":"https:\/\/www.alexanderhoeve.nl\/de\/wp-json\/wp\/v2\/types\/page"}],"author":[{"embeddable":true,"href":"https:\/\/www.alexanderhoeve.nl\/de\/wp-json\/wp\/v2\/users\/4"}],"replies":[{"embeddable":true,"href":"https:\/\/www.alexanderhoeve.nl\/de\/wp-json\/wp\/v2\/comments?post=746"}],"version-history":[{"count":0,"href":"https:\/\/www.alexanderhoeve.nl\/de\/wp-json\/wp\/v2\/pages\/746\/revisions"}],"wp:attachment":[{"href":"https:\/\/www.alexanderhoeve.nl\/de\/wp-json\/wp\/v2\/media?parent=746"}],"curies":[{"name":"wp","href":"https:\/\/api.w.org\/{rel}","templated":true}]}}