{"id":822,"date":"2020-04-10T10:01:18","date_gmt":"2020-04-10T10:01:18","guid":{"rendered":"https:\/\/www.alexanderhoeve.nl\/?page_id=822"},"modified":"2020-12-01T13:03:34","modified_gmt":"2020-12-01T13:03:34","slug":"homepage","status":"publish","type":"page","link":"https:\/\/www.alexanderhoeve.nl\/de\/","title":{"rendered":"Homepage"},"content":{"rendered":"\n<div style=\"background-color:#000000;padding-left:8%;padding-right:8%;padding-bottom:30%;padding-top:30%\" class=\"wp-block-genesis-blocks-gb-container narrow-content light-text gb-block-container alignfull\"><div class=\"gb-container-inside\"><div class=\"gb-container-image-wrap\"><img decoding=\"async\" class=\"gb-container-image has-background-dim-90 has-background-dim\" src=\"https:\/\/www.alexanderhoeve.nl\/wp-content\/uploads\/2020\/01\/dijkje-Alexanderhoeve.jpg\" alt=\"Dijkje Alexanderhoeve\"\/><\/div><div class=\"gb-container-content\" style=\"max-width:1200px\">\n<h1 class=\"has-central-palette-1-color has-text-color has-text-align-left bold-heading-text fade-in-up wp-block-heading\">De Alexanderhoeve<\/h1>\n\n\n\n<p><em>Ferienwohnungen mitten in der Natur <\/em><\/p>\n\n\n\n<p class=\"has-text-color has-drop-cap has-central-palette-1-color fade-in-up\"> Der Hof De Alexanderhoeve liegt bei Den Hoorn, auf Laufabstand vom Wald und vom Meer. Es handelt sich um einen Haubarg aus dem Jahr 1848. Im Niederl\u00e4ndischen wird ein solcher Hof aufgrund seiner typischen Form auch \u201edie Pyramide von Nord-Holland\u201c genannt. Das Geb\u00e4ude besteht aus zwei ger\u00e4umigen und modernen Ferienwohnungen f\u00fcr jeweils 8&nbsp;Personen, die auch als Gruppenunterkunft gebucht werden k\u00f6nnen. Hier k\u00f6nnen Sie in einem Meer an Ruhe, Platz und n\u00e4chtlicher Finsternis auf Texel zur Ruhe kommen. Streunen Sie durch die Natur, um anschlie\u00dfend in einem der idyllischen D\u00f6rfer zu stranden. <br><br><\/p>\n<\/div><\/div><\/div>\n\n\n\n<div style=\"padding-left:8%;padding-right:8%;padding-bottom:10%;padding-top:10%\" class=\"wp-block-genesis-blocks-gb-container gb-block-container alignfull\"><div class=\"gb-container-inside\"><div class=\"gb-container-content\" style=\"max-width:1200px\">\n<h2 class=\"has-central-palette-3-color has-text-color fade-in-up wp-block-heading\"> Mitten im Bauernland Texels<\/h2>\n\n\n\n<p class=\"has-drop-cap fade-in-up\"> De Alexanderhoeve hat eine ruhige und l\u00e4ndliche Lage am Ende des Weges De Grie. Von dem gro\u00dfen reetgedeckten Dach aus hat man rundum Aussicht auf das Bauernland und die ehemaligen texelschen Nordseedeiche. Als Hintergrundmusik ert\u00f6nt das fr\u00f6hliche Zwitschern der Weidev\u00f6gel. Ausgezeichnet f\u00fcr lange Wanderungen oder Fahrradtouren \u00fcber die Insel. Der Hof liegt auf der Route des <a rel=\"noreferrer noopener\" aria-label=\" (opent in een nieuwe tab)\" href=\"https:\/\/www.noordhollandpad.nl\/\" target=\"_blank\">Noord-Hollandpad<\/a>;  \u2013 ein Fernwanderweg entlang Wasser, D\u00fcnen und Schafen.<\/p>\n\n\n\n<figure class=\"wp-block-image alignwide size-large\"><img loading=\"lazy\" decoding=\"async\" width=\"1024\" height=\"392\" src=\"https:\/\/www.alexanderhoeve.nl\/wp-content\/uploads\/2020\/01\/Alexander-in-ochtend-licht-1600-1024x392.jpg\" alt=\"Alexander-in-ochtend-licht\" class=\"wp-image-157\" srcset=\"https:\/\/www.alexanderhoeve.nl\/wp-content\/uploads\/2020\/01\/Alexander-in-ochtend-licht-1600-1024x392.jpg 1024w, https:\/\/www.alexanderhoeve.nl\/wp-content\/uploads\/2020\/01\/Alexander-in-ochtend-licht-1600-300x115.jpg 300w, https:\/\/www.alexanderhoeve.nl\/wp-content\/uploads\/2020\/01\/Alexander-in-ochtend-licht-1600-768x294.jpg 768w, https:\/\/www.alexanderhoeve.nl\/wp-content\/uploads\/2020\/01\/Alexander-in-ochtend-licht-1600-1536x588.jpg 1536w, https:\/\/www.alexanderhoeve.nl\/wp-content\/uploads\/2020\/01\/Alexander-in-ochtend-licht-1600.jpg 1600w\" sizes=\"auto, (max-width: 1024px) 100vw, 1024px\" \/><\/figure>\n\n\n\n<hr class=\"wp-block-separator fade-in-up is-style-default\"\/>\n\n\n\n<div class=\"wp-block-columns has-3-columns fade-in-up is-layout-flex wp-container-core-columns-is-layout-9d6595d7 wp-block-columns-is-layout-flex\">\n<div class=\"wp-block-column is-layout-flow wp-block-column-is-layout-flow\">\n<h2 class=\"has-central-palette-3-color has-text-color wp-block-heading\">Ferienwohnungen<\/h2>\n\n\n\n<p style=\"font-size:16px\" class=\"has-text-color has-central-palette-5-color\"> Die luxuri\u00f6sen Ferienwohnungen von De Alexanderhoeve eignen sich ausgezeichnet als Gruppenunterkunft f\u00fcr Gruppen von bis zu 16&nbsp;Personen. Der Bauernhof besteht aus zwei Ferienwohnungen f\u00fcr jeweils 8&nbsp;Personen, die auf Wunsch miteinander verbunden werden k\u00f6nnen. <\/p>\n\n\n\n<div class=\"wp-block-button is-style-fill\"><a class=\"wp-block-button__link has-background has-central-palette-3-background-color\" href=\"https:\/\/www.alexanderhoeve.nl\/de\/zwei-ferienwohnungen-fuer-je-8-personen\/\">Lesen Sie weiter \u00fcber die Ferienwohnungen<\/a><\/div>\n<\/div>\n\n\n\n<div class=\"wp-block-column is-layout-flow wp-block-column-is-layout-flow\">\n<h2 class=\"has-central-palette-3-color has-text-color wp-block-heading\">Wir &amp; De Grie<\/h2>\n\n\n\n<p style=\"font-size:16px\" class=\"has-text-color has-central-palette-5-color\">Jan Bakker (Bauer aus Familientradition) und Wilma Pieters (Designerin und Coach mit Herz und Seele) sind die Eigent\u00fcmer von De Alexanderhoeve. Der Bauernhof ist bereits seit 1919 im Besitz von Jans Familie. Der Hof war 1848 der erste Bauernhof im Prins Hendrikpolder auf Texel. <\/p>\n\n\n\n<div class=\"wp-block-button is-style-fill\"><a class=\"wp-block-button__link has-text-color has-central-palette-1-color has-background has-central-palette-3-background-color\" href=\"https:\/\/www.alexanderhoeve.nl\/de\/wir-de-grie\/\">Lesen Sie weiter \u00fcber Wilma &amp; Jan<\/a><\/div>\n<\/div>\n<\/div>\n<\/div><\/div><\/div>\n\n\n\n<div style=\"background-color:#000000;padding-left:8%;padding-right:8%;padding-bottom:15%;padding-top:15%\" class=\"wp-block-genesis-blocks-gb-container light-text gb-block-container alignfull\"><div class=\"gb-container-inside\"><div class=\"gb-container-image-wrap\"><img decoding=\"async\" class=\"gb-container-image has-background-dim-100 has-background-dim\" src=\"https:\/\/www.alexanderhoeve.nl\/wp-content\/uploads\/2020\/01\/dijkje-Alexanderhoeve-vollemaan-1600x1000-1.jpg\" alt=\"Dijkje nabij Alexanderhoeve in het volle maanlicht\"\/><\/div><div class=\"gb-container-content\" style=\"max-width:1200px\">\n<h2 class=\"has-central-palette-1-color has-text-color has-text-align-left fade-in-up wp-block-heading\">  Natur im Vordergrund <\/h2>\n\n\n\n<p class=\"has-drop-cap\">Wir setzen uns daf\u00fcr ein, diese Pracht zu bewahren. <br>Wir haben Respekt und Achtung vor der Natur. <br>Wir teilen diesen besonderen Ort gerne mit unseren euphorischen G\u00e4sten, die sich hier genauso wohl f\u00fchlen, wie wir.  <\/p>\n\n\n\n<p style=\"color:#ffffff\" class=\"has-text-color fade-in-up\">Wir hoffen, Sie bald <a href=\"https:\/\/www.alexanderhoeve.nl\/de\/preise\/\">als Gast empfangen<\/a> zu d\u00fcrfen. Bis bald!  <\/p>\n\n\n\n<hr class=\"wp-block-separator has-text-color has-background is-style-default fade-in-up\" style=\"background-color:#ffffff;color:#ffffff\"\/>\n\n\n\n<p><\/p>\n<\/div><\/div><\/div>\n\n\n\n<div style=\"padding-left:8%;padding-right:8%;padding-bottom:2%;padding-top:10%\" class=\"wp-block-genesis-blocks-gb-container gb-block-container alignfull\"><div class=\"gb-container-inside\"><div class=\"gb-container-content\" style=\"max-width:1200px\">\n<h2 class=\"has-central-palette-3-color has-text-color fade-in-up wp-block-heading\">De Alexanderhoeve Aktuelles<\/h2>\n\n\n\n<p>Bleiben Sie mit unseren Blogs \u00fcber alles, was auf und um De Alexanderhoeve passiert, auf dem Laufenden! <br>Wir informieren Sie \u00fcber <a href=\"https:\/\/www.alexanderhoeve.nl\/nieuws\/\">aktuelle Neuigkeiten<\/a> bei uns in De Grie.<\/p>\n\n\n\n<hr class=\"wp-block-separator fade-in-up\"\/>\n\n\n\n\n\n<p><\/p>\n<\/div><\/div><\/div>\n","protected":false},"excerpt":{"rendered":"","protected":false},"author":4,"featured_media":0,"parent":0,"menu_order":0,"comment_status":"closed","ping_status":"closed","template":"","meta":{"_seopress_robots_primary_cat":"","_seopress_titles_title":"Alexanderhoeve Texel | Ferienwohnungen mitten in der Natur","_seopress_titles_desc":"Sie suchen eine ger\u00e4umige Gruppenunterkunft auf Texel? Die Ferienwohnungen von De Alexanderhoeve Texel sind genau das Richtige","_seopress_robots_index":"","_genesis_hide_title":true,"_genesis_hide_breadcrumbs":false,"_genesis_hide_singular_image":false,"_genesis_hide_footer_widgets":false,"_genesis_custom_body_class":"","_genesis_custom_post_class":"","_genesis_layout":"full-width-content","footnotes":""},"class_list":{"0":"post-822","1":"page","2":"type-page","3":"status-publish","5":"entry"},"featured_image_src":null,"featured_image_src_square":null,"_links":{"self":[{"href":"https:\/\/www.alexanderhoeve.nl\/de\/wp-json\/wp\/v2\/pages\/822","targetHints":{"allow":["GET"]}}],"collection":[{"href":"https:\/\/www.alexanderhoeve.nl\/de\/wp-json\/wp\/v2\/pages"}],"about":[{"href":"https:\/\/www.alexanderhoeve.nl\/de\/wp-json\/wp\/v2\/types\/page"}],"author":[{"embeddable":true,"href":"https:\/\/www.alexanderhoeve.nl\/de\/wp-json\/wp\/v2\/users\/4"}],"replies":[{"embeddable":true,"href":"https:\/\/www.alexanderhoeve.nl\/de\/wp-json\/wp\/v2\/comments?post=822"}],"version-history":[{"count":0,"href":"https:\/\/www.alexanderhoeve.nl\/de\/wp-json\/wp\/v2\/pages\/822\/revisions"}],"wp:attachment":[{"href":"https:\/\/www.alexanderhoeve.nl\/de\/wp-json\/wp\/v2\/media?parent=822"}],"curies":[{"name":"wp","href":"https:\/\/api.w.org\/{rel}","templated":true}]}}